{"id":55249,"date":"2021-12-10T11:27:35","date_gmt":"2021-12-10T08:27:35","guid":{"rendered":"https:\/\/sprat.rs\/a-felhasznalo-hirdetesei\/"},"modified":"2025-12-11T17:30:37","modified_gmt":"2025-12-11T14:30:37","slug":"a-felhasznalo-hirdetesei","status":"publish","type":"page","link":"https:\/\/sprat.rs\/hu\/a-felhasznalo-hirdetesei\/","title":{"rendered":"A felhaszn\u00e1l\u00f3 hirdet\u00e9sei"},"content":{"rendered":"\t\t<div data-elementor-type=\"wp-page\" data-elementor-id=\"55249\" class=\"elementor elementor-55249 elementor-29197\">\n\t\t\t\t\t\t<section class=\"elementor-section elementor-top-section elementor-element elementor-element-60312f5a elementor-section-stretched elementor-section-boxed elementor-section-height-default elementor-section-height-default\" data-id=\"60312f5a\" data-element_type=\"section\" data-settings=\"{&quot;stretch_section&quot;:&quot;section-stretched&quot;,&quot;background_background&quot;:&quot;classic&quot;}\">\n\t\t\t\t\t\t<div class=\"elementor-container elementor-column-gap-default\">\n\t\t\t\t\t<div class=\"elementor-column elementor-col-100 elementor-top-column elementor-element elementor-element-19aa2e07\" data-id=\"19aa2e07\" data-element_type=\"column\">\n\t\t\t<div class=\"elementor-widget-wrap elementor-element-populated\">\n\t\t\t\t\t\t<section class=\"elementor-section elementor-inner-section elementor-element elementor-element-73857d4a elementor-section-boxed elementor-section-height-default elementor-section-height-default\" data-id=\"73857d4a\" data-element_type=\"section\">\n\t\t\t\t\t\t<div class=\"elementor-container elementor-column-gap-default\">\n\t\t\t\t\t<div class=\"elementor-column elementor-col-33 elementor-inner-column elementor-element elementor-element-e017c62\" data-id=\"e017c62\" data-element_type=\"column\">\n\t\t\t<div class=\"elementor-widget-wrap\">\n\t\t\t\t\t\t\t<\/div>\n\t\t<\/div>\n\t\t\t\t<div class=\"elementor-column elementor-col-33 elementor-inner-column elementor-element elementor-element-35ea65ac\" data-id=\"35ea65ac\" data-element_type=\"column\">\n\t\t\t<div class=\"elementor-widget-wrap elementor-element-populated\">\n\t\t\t\t\t\t<div class=\"elementor-element elementor-element-3cdf46cb elementor-widget elementor-widget-heading\" data-id=\"3cdf46cb\" data-element_type=\"widget\" data-widget_type=\"heading.default\">\n\t\t\t\t<div class=\"elementor-widget-container\">\n\t\t\t<h2 class=\"elementor-heading-title elementor-size-default\">Hirdet\u00e9sek minden egyes \u00fcgyn\u00f6k, \u00fcgyn\u00f6ks\u00e9g vagy beruh\u00e1z\u00f3 szerint<\/h2>\t\t<\/div>\n\t\t\t\t<\/div>\n\t\t\t\t<div class=\"elementor-element elementor-element-2ca40ffa elementor-widget elementor-widget-text-editor\" data-id=\"2ca40ffa\" data-element_type=\"widget\" data-widget_type=\"text-editor.default\">\n\t\t\t\t<div class=\"elementor-widget-container\">\n\t\t\t\t\t\t\t<p style=\"text-align: center;\">Mutassa meg egy adott \u00fcgyn\u00f6k, \u00fcgyn\u00f6ks\u00e9g vagy beruh\u00e1z\u00f3 hirdet\u00e9seit. \u00c1ll\u00edtsa be, h\u00e1ny hirdet\u00e9s jelenjen meg. <\/p>\t\t\t\t\t\t<\/div>\n\t\t\t\t<\/div>\n\t\t\t\t\t<\/div>\n\t\t<\/div>\n\t\t\t\t<div class=\"elementor-column elementor-col-33 elementor-inner-column elementor-element elementor-element-16f08b48\" data-id=\"16f08b48\" data-element_type=\"column\">\n\t\t\t<div class=\"elementor-widget-wrap\">\n\t\t\t\t\t\t\t<\/div>\n\t\t<\/div>\n\t\t\t\t\t<\/div>\n\t\t<\/section>\n\t\t\t\t<div class=\"elementor-element elementor-element-4f032f65 elementor-widget elementor-widget-WpResidence_List_Items_per_Agent\" data-id=\"4f032f65\" data-element_type=\"widget\" data-widget_type=\"WpResidence_List_Items_per_Agent.default\">\n\t\t\t\t<div class=\"elementor-widget-container\">\n\t\t\t<div class=\"article_container listings_flex items_shortcode_wrapper \"><\/div>\t\t<\/div>\n\t\t\t\t<\/div>\n\t\t\t\t\t<\/div>\n\t\t<\/div>\n\t\t\t\t\t<\/div>\n\t\t<\/section>\n\t\t\t\t<\/div>\n\t\t","protected":false},"excerpt":{"rendered":"<p>Hirdet\u00e9sek minden egyes \u00fcgyn\u00f6k, \u00fcgyn\u00f6ks\u00e9g vagy beruh\u00e1z\u00f3 szerint Mutassa meg egy adott \u00fcgyn\u00f6k, \u00fcgyn\u00f6ks\u00e9g vagy beruh\u00e1z\u00f3 hirdet\u00e9seit. \u00c1ll\u00edtsa be, h\u00e1ny hirdet\u00e9s jelenjen meg.<\/p>\n","protected":false},"author":1,"featured_media":0,"parent":0,"menu_order":0,"comment_status":"closed","ping_status":"closed","template":"","meta":{"inline_featured_image":false,"footnotes":""},"class_list":["post-55249","page","type-page","status-publish","hentry"],"yoast_head":"<!-- This site is optimized with the Yoast SEO Premium plugin v26.4 (Yoast SEO v26.4) - https:\/\/yoast.com\/wordpress\/plugins\/seo\/ -->\n<title>A felhaszn\u00e1l\u00f3 hirdet\u00e9sei - SPRAT.rs<\/title>\n<meta name=\"robots\" content=\"index, follow, max-snippet:-1, max-image-preview:large, max-video-preview:-1\" \/>\n<link rel=\"canonical\" href=\"https:\/\/sprat.rs\/hu\/a-felhasznalo-hirdetesei\/\" \/>\n<meta property=\"og:locale\" content=\"hu_HU\" \/>\n<meta property=\"og:type\" content=\"article\" \/>\n<meta property=\"og:title\" content=\"A felhaszn\u00e1l\u00f3 hirdet\u00e9sei\" \/>\n<meta property=\"og:description\" content=\"Hirdet\u00e9sek minden egyes \u00fcgyn\u00f6k, \u00fcgyn\u00f6ks\u00e9g vagy beruh\u00e1z\u00f3 szerint Mutassa meg egy adott \u00fcgyn\u00f6k, \u00fcgyn\u00f6ks\u00e9g vagy beruh\u00e1z\u00f3 hirdet\u00e9seit. \u00c1ll\u00edtsa be, h\u00e1ny hirdet\u00e9s jelenjen meg.\" \/>\n<meta property=\"og:url\" content=\"https:\/\/sprat.rs\/hu\/a-felhasznalo-hirdetesei\/\" \/>\n<meta property=\"og:site_name\" content=\"SPRAT.rs\" \/>\n<meta property=\"article:publisher\" content=\"https:\/\/www.facebook.com\/serbiaproperty\" \/>\n<meta property=\"article:modified_time\" content=\"2025-12-11T14:30:37+00:00\" \/>\n<meta name=\"twitter:card\" content=\"summary_large_image\" \/>\n<script type=\"application\/ld+json\" class=\"yoast-schema-graph\">{\"@context\":\"https:\/\/schema.org\",\"@graph\":[{\"@type\":\"WebPage\",\"@id\":\"https:\/\/sprat.rs\/hu\/a-felhasznalo-hirdetesei\/\",\"url\":\"https:\/\/sprat.rs\/hu\/a-felhasznalo-hirdetesei\/\",\"name\":\"A felhaszn\u00e1l\u00f3 hirdet\u00e9sei - SPRAT.rs\",\"isPartOf\":{\"@id\":\"https:\/\/sprat.rs\/hu\/#website\"},\"datePublished\":\"2021-12-10T08:27:35+00:00\",\"dateModified\":\"2025-12-11T14:30:37+00:00\",\"breadcrumb\":{\"@id\":\"https:\/\/sprat.rs\/hu\/a-felhasznalo-hirdetesei\/#breadcrumb\"},\"inLanguage\":\"hu\",\"potentialAction\":[{\"@type\":\"ReadAction\",\"target\":[\"https:\/\/sprat.rs\/hu\/a-felhasznalo-hirdetesei\/\"]}]},{\"@type\":\"BreadcrumbList\",\"@id\":\"https:\/\/sprat.rs\/hu\/a-felhasznalo-hirdetesei\/#breadcrumb\",\"itemListElement\":[{\"@type\":\"ListItem\",\"position\":1,\"name\":\"Home\",\"item\":\"https:\/\/sprat.rs\/hu\/otthon\/\"},{\"@type\":\"ListItem\",\"position\":2,\"name\":\"A felhaszn\u00e1l\u00f3 hirdet\u00e9sei\"}]},{\"@type\":\"WebSite\",\"@id\":\"https:\/\/sprat.rs\/hu\/#website\",\"url\":\"https:\/\/sprat.rs\/hu\/\",\"name\":\"SPRAT.rs\",\"description\":\"\u041a\u0432\u0430\u0440\u0442\u0438\u0440\u044b \u0438 \u0434\u043e\u043c\u0430 \u0432 \u0421\u0443\u0431\u043e\u0442\u0438\u0446\u0435 \u2013 \u0430\u043a\u0442\u0443\u0430\u043b\u044c\u043d\u044b\u0435 \u043f\u0440\u0435\u0434\u043b\u043e\u0436\u0435\u043d\u0438\u044f \u043f\u043e \u043f\u0440\u043e\u0434\u0430\u0436\u0435 \u043d\u0435\u0434\u0432\u0438\u0436\u0438\u043c\u043e\u0441\u0442\u0438. \u041d\u0430 \u043d\u0430\u0448\u0435\u043c \u0441\u0430\u0439\u0442\u0435 \u0432\u044b \u043d\u0430\u0439\u0434\u0435\u0442\u0435 \u043a\u0432\u0430\u0440\u0442\u0438\u0440\u044b \u0438 \u0447\u0430\u0441\u0442\u043d\u044b\u0435 \u0434\u043e\u043c\u0430 \u0432 \u0421\u0443\u0431\u043e\u0442\u0438\u0446\u0435 \u0441 \u043f\u043e\u043b\u043d\u044b\u043c \u0441\u043e\u043f\u0440\u043e\u0432\u043e\u0436\u0434\u0435\u043d\u0438\u0435\u043c \u0441\u0434\u0435\u043b\u043a\u0438. \u041c\u044b \u043f\u0440\u0435\u0434\u043b\u0430\u0433\u0430\u0435\u043c \u043b\u0443\u0447\u0448\u0438\u0435 \u0432\u0430\u0440\u0438\u0430\u043d\u0442\u044b \u0434\u043b\u044f \u043f\u043e\u043a\u0443\u043f\u043a\u0438 \u043d\u0435\u0434\u0432\u0438\u0436\u0438\u043c\u043e\u0441\u0442\u0438 \u0432 \u0421\u0443\u0431\u043e\u0442\u0438\u0446\u0435: \u043d\u043e\u0432\u043e\u0441\u0442\u0440\u043e\u0439\u043a\u0438, \u0432\u0442\u043e\u0440\u0438\u0447\u043d\u044b\u0439 \u0440\u044b\u043d\u043e\u043a \u0438 \u043a\u043e\u043c\u043c\u0435\u0440\u0447\u0435\u0441\u043a\u0430\u044f \u043d\u0435\u0434\u0432\u0438\u0436\u0438\u043c\u043e\u0441\u0442\u044c. \u041f\u043e\u043c\u043e\u0433\u0430\u0435\u043c \u043e\u0444\u043e\u0440\u043c\u0438\u0442\u044c \u043f\u043e\u043a\u0443\u043f\u043a\u0443 \u0434\u043e\u043c\u0430 \u0438\u043b\u0438 \u043a\u0432\u0430\u0440\u0442\u0438\u0440\u044b \u0431\u044b\u0441\u0442\u0440\u043e \u0438 \u0431\u0435\u0437\u043e\u043f\u0430\u0441\u043d\u043e.\",\"publisher\":{\"@id\":\"https:\/\/sprat.rs\/hu\/#organization\"},\"potentialAction\":[{\"@type\":\"SearchAction\",\"target\":{\"@type\":\"EntryPoint\",\"urlTemplate\":\"https:\/\/sprat.rs\/hu\/?s={search_term_string}\"},\"query-input\":{\"@type\":\"PropertyValueSpecification\",\"valueRequired\":true,\"valueName\":\"search_term_string\"}}],\"inLanguage\":\"hu\"},{\"@type\":[\"Organization\",\"Place\"],\"@id\":\"https:\/\/sprat.rs\/hu\/#organization\",\"name\":\"SPRAT DOO SUBOTICA\",\"alternateName\":\"SPRAT\",\"url\":\"https:\/\/sprat.rs\/hu\/\",\"logo\":{\"@id\":\"https:\/\/sprat.rs\/hu\/a-felhasznalo-hirdetesei\/#local-main-organization-logo\"},\"image\":{\"@id\":\"https:\/\/sprat.rs\/hu\/a-felhasznalo-hirdetesei\/#local-main-organization-logo\"},\"sameAs\":[\"https:\/\/www.facebook.com\/serbiaproperty\",\"https:\/\/www.instagram.com\/sprat.rs\/\",\"https:\/\/t.me\/realestatesubotica\"],\"telephone\":[],\"openingHoursSpecification\":[{\"@type\":\"OpeningHoursSpecification\",\"dayOfWeek\":[\"Monday\",\"Tuesday\",\"Wednesday\",\"Thursday\",\"Friday\",\"Saturday\",\"Sunday\"],\"opens\":\"09:00\",\"closes\":\"17:00\"}]},{\"@type\":\"ImageObject\",\"inLanguage\":\"hu\",\"@id\":\"https:\/\/sprat.rs\/hu\/a-felhasznalo-hirdetesei\/#local-main-organization-logo\",\"url\":\"https:\/\/sprat.rs\/wp-content\/uploads\/2025\/12\/\u0411\u0435\u0437\u044b\u043c\u044f\u043d\u043d\u044b\u0439.png\",\"contentUrl\":\"https:\/\/sprat.rs\/wp-content\/uploads\/2025\/12\/\u0411\u0435\u0437\u044b\u043c\u044f\u043d\u043d\u044b\u0439.png\",\"width\":1014,\"height\":330,\"caption\":\"SPRAT DOO SUBOTICA\"}]}<\/script>\n<!-- \/ Yoast SEO Premium plugin. -->","yoast_head_json":{"title":"A felhaszn\u00e1l\u00f3 hirdet\u00e9sei - SPRAT.rs","robots":{"index":"index","follow":"follow","max-snippet":"max-snippet:-1","max-image-preview":"max-image-preview:large","max-video-preview":"max-video-preview:-1"},"canonical":"https:\/\/sprat.rs\/hu\/a-felhasznalo-hirdetesei\/","og_locale":"hu_HU","og_type":"article","og_title":"A felhaszn\u00e1l\u00f3 hirdet\u00e9sei","og_description":"Hirdet\u00e9sek minden egyes \u00fcgyn\u00f6k, \u00fcgyn\u00f6ks\u00e9g vagy beruh\u00e1z\u00f3 szerint Mutassa meg egy adott \u00fcgyn\u00f6k, \u00fcgyn\u00f6ks\u00e9g vagy beruh\u00e1z\u00f3 hirdet\u00e9seit. \u00c1ll\u00edtsa be, h\u00e1ny hirdet\u00e9s jelenjen meg.","og_url":"https:\/\/sprat.rs\/hu\/a-felhasznalo-hirdetesei\/","og_site_name":"SPRAT.rs","article_publisher":"https:\/\/www.facebook.com\/serbiaproperty","article_modified_time":"2025-12-11T14:30:37+00:00","twitter_card":"summary_large_image","schema":{"@context":"https:\/\/schema.org","@graph":[{"@type":"WebPage","@id":"https:\/\/sprat.rs\/hu\/a-felhasznalo-hirdetesei\/","url":"https:\/\/sprat.rs\/hu\/a-felhasznalo-hirdetesei\/","name":"A felhaszn\u00e1l\u00f3 hirdet\u00e9sei - SPRAT.rs","isPartOf":{"@id":"https:\/\/sprat.rs\/hu\/#website"},"datePublished":"2021-12-10T08:27:35+00:00","dateModified":"2025-12-11T14:30:37+00:00","breadcrumb":{"@id":"https:\/\/sprat.rs\/hu\/a-felhasznalo-hirdetesei\/#breadcrumb"},"inLanguage":"hu","potentialAction":[{"@type":"ReadAction","target":["https:\/\/sprat.rs\/hu\/a-felhasznalo-hirdetesei\/"]}]},{"@type":"BreadcrumbList","@id":"https:\/\/sprat.rs\/hu\/a-felhasznalo-hirdetesei\/#breadcrumb","itemListElement":[{"@type":"ListItem","position":1,"name":"Home","item":"https:\/\/sprat.rs\/hu\/otthon\/"},{"@type":"ListItem","position":2,"name":"A felhaszn\u00e1l\u00f3 hirdet\u00e9sei"}]},{"@type":"WebSite","@id":"https:\/\/sprat.rs\/hu\/#website","url":"https:\/\/sprat.rs\/hu\/","name":"SPRAT.rs","description":"\u041a\u0432\u0430\u0440\u0442\u0438\u0440\u044b \u0438 \u0434\u043e\u043c\u0430 \u0432 \u0421\u0443\u0431\u043e\u0442\u0438\u0446\u0435 \u2013 \u0430\u043a\u0442\u0443\u0430\u043b\u044c\u043d\u044b\u0435 \u043f\u0440\u0435\u0434\u043b\u043e\u0436\u0435\u043d\u0438\u044f \u043f\u043e \u043f\u0440\u043e\u0434\u0430\u0436\u0435 \u043d\u0435\u0434\u0432\u0438\u0436\u0438\u043c\u043e\u0441\u0442\u0438. \u041d\u0430 \u043d\u0430\u0448\u0435\u043c \u0441\u0430\u0439\u0442\u0435 \u0432\u044b \u043d\u0430\u0439\u0434\u0435\u0442\u0435 \u043a\u0432\u0430\u0440\u0442\u0438\u0440\u044b \u0438 \u0447\u0430\u0441\u0442\u043d\u044b\u0435 \u0434\u043e\u043c\u0430 \u0432 \u0421\u0443\u0431\u043e\u0442\u0438\u0446\u0435 \u0441 \u043f\u043e\u043b\u043d\u044b\u043c \u0441\u043e\u043f\u0440\u043e\u0432\u043e\u0436\u0434\u0435\u043d\u0438\u0435\u043c \u0441\u0434\u0435\u043b\u043a\u0438. \u041c\u044b \u043f\u0440\u0435\u0434\u043b\u0430\u0433\u0430\u0435\u043c \u043b\u0443\u0447\u0448\u0438\u0435 \u0432\u0430\u0440\u0438\u0430\u043d\u0442\u044b \u0434\u043b\u044f \u043f\u043e\u043a\u0443\u043f\u043a\u0438 \u043d\u0435\u0434\u0432\u0438\u0436\u0438\u043c\u043e\u0441\u0442\u0438 \u0432 \u0421\u0443\u0431\u043e\u0442\u0438\u0446\u0435: \u043d\u043e\u0432\u043e\u0441\u0442\u0440\u043e\u0439\u043a\u0438, \u0432\u0442\u043e\u0440\u0438\u0447\u043d\u044b\u0439 \u0440\u044b\u043d\u043e\u043a \u0438 \u043a\u043e\u043c\u043c\u0435\u0440\u0447\u0435\u0441\u043a\u0430\u044f \u043d\u0435\u0434\u0432\u0438\u0436\u0438\u043c\u043e\u0441\u0442\u044c. \u041f\u043e\u043c\u043e\u0433\u0430\u0435\u043c \u043e\u0444\u043e\u0440\u043c\u0438\u0442\u044c \u043f\u043e\u043a\u0443\u043f\u043a\u0443 \u0434\u043e\u043c\u0430 \u0438\u043b\u0438 \u043a\u0432\u0430\u0440\u0442\u0438\u0440\u044b \u0431\u044b\u0441\u0442\u0440\u043e \u0438 \u0431\u0435\u0437\u043e\u043f\u0430\u0441\u043d\u043e.","publisher":{"@id":"https:\/\/sprat.rs\/hu\/#organization"},"potentialAction":[{"@type":"SearchAction","target":{"@type":"EntryPoint","urlTemplate":"https:\/\/sprat.rs\/hu\/?s={search_term_string}"},"query-input":{"@type":"PropertyValueSpecification","valueRequired":true,"valueName":"search_term_string"}}],"inLanguage":"hu"},{"@type":["Organization","Place"],"@id":"https:\/\/sprat.rs\/hu\/#organization","name":"SPRAT DOO SUBOTICA","alternateName":"SPRAT","url":"https:\/\/sprat.rs\/hu\/","logo":{"@id":"https:\/\/sprat.rs\/hu\/a-felhasznalo-hirdetesei\/#local-main-organization-logo"},"image":{"@id":"https:\/\/sprat.rs\/hu\/a-felhasznalo-hirdetesei\/#local-main-organization-logo"},"sameAs":["https:\/\/www.facebook.com\/serbiaproperty","https:\/\/www.instagram.com\/sprat.rs\/","https:\/\/t.me\/realestatesubotica"],"telephone":[],"openingHoursSpecification":[{"@type":"OpeningHoursSpecification","dayOfWeek":["Monday","Tuesday","Wednesday","Thursday","Friday","Saturday","Sunday"],"opens":"09:00","closes":"17:00"}]},{"@type":"ImageObject","inLanguage":"hu","@id":"https:\/\/sprat.rs\/hu\/a-felhasznalo-hirdetesei\/#local-main-organization-logo","url":"https:\/\/sprat.rs\/wp-content\/uploads\/2025\/12\/\u0411\u0435\u0437\u044b\u043c\u044f\u043d\u043d\u044b\u0439.png","contentUrl":"https:\/\/sprat.rs\/wp-content\/uploads\/2025\/12\/\u0411\u0435\u0437\u044b\u043c\u044f\u043d\u043d\u044b\u0439.png","width":1014,"height":330,"caption":"SPRAT DOO SUBOTICA"}]}},"_links":{"self":[{"href":"https:\/\/sprat.rs\/hu\/wp-json\/wp\/v2\/pages\/55249","targetHints":{"allow":["GET"]}}],"collection":[{"href":"https:\/\/sprat.rs\/hu\/wp-json\/wp\/v2\/pages"}],"about":[{"href":"https:\/\/sprat.rs\/hu\/wp-json\/wp\/v2\/types\/page"}],"author":[{"embeddable":true,"href":"https:\/\/sprat.rs\/hu\/wp-json\/wp\/v2\/users\/1"}],"replies":[{"embeddable":true,"href":"https:\/\/sprat.rs\/hu\/wp-json\/wp\/v2\/comments?post=55249"}],"version-history":[{"count":1,"href":"https:\/\/sprat.rs\/hu\/wp-json\/wp\/v2\/pages\/55249\/revisions"}],"predecessor-version":[{"id":55250,"href":"https:\/\/sprat.rs\/hu\/wp-json\/wp\/v2\/pages\/55249\/revisions\/55250"}],"wp:attachment":[{"href":"https:\/\/sprat.rs\/hu\/wp-json\/wp\/v2\/media?parent=55249"}],"curies":[{"name":"wp","href":"https:\/\/api.w.org\/{rel}","templated":true}]}}